{"id":45,"date":"2024-04-04T19:26:15","date_gmt":"2024-04-04T22:26:15","guid":{"rendered":"https:\/\/kuasarnex.com\/?page_id=45"},"modified":"2026-01-11T10:45:12","modified_gmt":"2026-01-11T13:45:12","slug":"sobre-nos","status":"publish","type":"page","link":"https:\/\/kuasarnex.com\/index.php\/sobre-nos\/","title":{"rendered":""},"content":{"rendered":"\t\t<div data-elementor-type=\"wp-page\" data-elementor-id=\"45\" class=\"elementor elementor-45\" data-elementor-post-type=\"page\">\n\t\t\t\t<div class=\"elementor-element elementor-element-f39b51c e-con-full e-flex e-con e-parent\" data-id=\"f39b51c\" data-element_type=\"container\">\n\t\t\t\t<div class=\"elementor-element elementor-element-0e2b181 elementor-widget__width-inherit e-full_width e-n-menu-layout-horizontal e-n-menu-tablet elementor-widget elementor-widget-n-menu\" data-id=\"0e2b181\" data-element_type=\"widget\" data-settings=\"{&quot;menu_items&quot;:[{&quot;item_title&quot;:&quot;Home&quot;,&quot;_id&quot;:&quot;e544ec8&quot;,&quot;item_link&quot;:{&quot;url&quot;:&quot;https:\\\/\\\/kuasarnex.com\\\/&quot;,&quot;is_external&quot;:&quot;&quot;,&quot;nofollow&quot;:&quot;&quot;,&quot;custom_attributes&quot;:&quot;&quot;},&quot;item_dropdown_content&quot;:&quot;no&quot;,&quot;item_icon&quot;:{&quot;value&quot;:&quot;&quot;,&quot;library&quot;:&quot;&quot;},&quot;item_icon_active&quot;:null,&quot;element_id&quot;:&quot;&quot;},{&quot;_id&quot;:&quot;013f5bc&quot;,&quot;item_title&quot;:&quot;Sobre N\\u00f3s&quot;,&quot;item_link&quot;:{&quot;url&quot;:&quot;https:\\\/\\\/kuasarnex.com\\\/index.php\\\/sobre-nos\\\/&quot;,&quot;is_external&quot;:&quot;&quot;,&quot;nofollow&quot;:&quot;&quot;,&quot;custom_attributes&quot;:&quot;&quot;},&quot;item_dropdown_content&quot;:&quot;no&quot;,&quot;item_icon&quot;:{&quot;value&quot;:&quot;&quot;,&quot;library&quot;:&quot;&quot;},&quot;item_icon_active&quot;:null,&quot;element_id&quot;:&quot;&quot;},{&quot;item_title&quot;:&quot;Cursos e Ebooks&quot;,&quot;_id&quot;:&quot;a0e61d0&quot;,&quot;item_dropdown_content&quot;:&quot;&quot;,&quot;item_link&quot;:{&quot;url&quot;:&quot;https:\\\/\\\/kuasarnex.com\\\/index.php\\\/1414-2\\\/&quot;,&quot;is_external&quot;:&quot;&quot;,&quot;nofollow&quot;:&quot;&quot;,&quot;custom_attributes&quot;:&quot;&quot;},&quot;item_icon&quot;:{&quot;value&quot;:&quot;&quot;,&quot;library&quot;:&quot;&quot;},&quot;item_icon_active&quot;:null,&quot;element_id&quot;:&quot;&quot;},{&quot;_id&quot;:&quot;355ba48&quot;,&quot;item_title&quot;:&quot;Intelig\\u00eancia Artificial&quot;,&quot;item_link&quot;:{&quot;url&quot;:&quot;https:\\\/\\\/kuasarnex.com\\\/index.php\\\/ia-generativa\\\/&quot;,&quot;is_external&quot;:&quot;&quot;,&quot;nofollow&quot;:&quot;&quot;,&quot;custom_attributes&quot;:&quot;&quot;},&quot;item_dropdown_content&quot;:&quot;no&quot;,&quot;item_icon&quot;:{&quot;value&quot;:&quot;&quot;,&quot;library&quot;:&quot;&quot;},&quot;item_icon_active&quot;:null,&quot;element_id&quot;:&quot;&quot;},{&quot;_id&quot;:&quot;757501b&quot;,&quot;item_title&quot;:&quot;Concursos&quot;,&quot;item_link&quot;:{&quot;url&quot;:&quot;https:\\\/\\\/kuasarnex.com\\\/index.php\\\/ebooks-para-concursos\\\/&quot;,&quot;is_external&quot;:&quot;&quot;,&quot;nofollow&quot;:&quot;&quot;,&quot;custom_attributes&quot;:&quot;&quot;},&quot;item_dropdown_content&quot;:&quot;no&quot;,&quot;item_icon&quot;:{&quot;value&quot;:&quot;&quot;,&quot;library&quot;:&quot;&quot;},&quot;item_icon_active&quot;:null,&quot;element_id&quot;:&quot;&quot;},{&quot;_id&quot;:&quot;583a95d&quot;,&quot;item_title&quot;:&quot;Conte\\u00fado Gratuito&quot;,&quot;item_link&quot;:{&quot;url&quot;:&quot;https:\\\/\\\/kuasarnex.com\\\/index.php\\\/material-gratuito-concursos\\\/&quot;,&quot;is_external&quot;:&quot;&quot;,&quot;nofollow&quot;:&quot;&quot;,&quot;custom_attributes&quot;:&quot;&quot;},&quot;item_dropdown_content&quot;:&quot;no&quot;,&quot;item_icon&quot;:{&quot;value&quot;:&quot;&quot;,&quot;library&quot;:&quot;&quot;},&quot;item_icon_active&quot;:null,&quot;element_id&quot;:&quot;&quot;},{&quot;_id&quot;:&quot;0f8aca7&quot;,&quot;item_title&quot;:&quot;Marketing Digital&quot;,&quot;item_link&quot;:{&quot;url&quot;:&quot;https:\\\/\\\/kuasarnex.com\\\/index.php\\\/2100-2\\\/&quot;,&quot;is_external&quot;:&quot;&quot;,&quot;nofollow&quot;:&quot;&quot;,&quot;custom_attributes&quot;:&quot;&quot;},&quot;item_dropdown_content&quot;:&quot;no&quot;,&quot;item_icon&quot;:{&quot;value&quot;:&quot;&quot;,&quot;library&quot;:&quot;&quot;},&quot;item_icon_active&quot;:null,&quot;element_id&quot;:&quot;&quot;},{&quot;_id&quot;:&quot;580000f&quot;,&quot;item_title&quot;:&quot;Agroneg\\u00f3cio&quot;,&quot;item_link&quot;:{&quot;url&quot;:&quot;https:\\\/\\\/kuasarnex.com\\\/index.php\\\/2102-2\\\/&quot;,&quot;is_external&quot;:&quot;&quot;,&quot;nofollow&quot;:&quot;&quot;,&quot;custom_attributes&quot;:&quot;&quot;},&quot;item_dropdown_content&quot;:&quot;no&quot;,&quot;item_icon&quot;:{&quot;value&quot;:&quot;&quot;,&quot;library&quot;:&quot;&quot;},&quot;item_icon_active&quot;:null,&quot;element_id&quot;:&quot;&quot;},{&quot;_id&quot;:&quot;6309268&quot;,&quot;item_title&quot;:&quot;Not\\u00edcias&quot;,&quot;item_link&quot;:{&quot;url&quot;:&quot;https:\\\/\\\/www.instagram.com\\\/kuasarnex\\\/&quot;,&quot;is_external&quot;:&quot;on&quot;,&quot;nofollow&quot;:&quot;&quot;,&quot;custom_attributes&quot;:&quot;&quot;},&quot;item_dropdown_content&quot;:&quot;no&quot;,&quot;item_icon&quot;:{&quot;value&quot;:&quot;&quot;,&quot;library&quot;:&quot;&quot;},&quot;item_icon_active&quot;:null,&quot;element_id&quot;:&quot;&quot;},{&quot;_id&quot;:&quot;0455597&quot;,&quot;item_title&quot;:&quot;Canal&quot;,&quot;item_link&quot;:{&quot;url&quot;:&quot;https:\\\/\\\/www.youtube.com\\\/@kuasarnex&quot;,&quot;is_external&quot;:&quot;on&quot;,&quot;nofollow&quot;:&quot;&quot;,&quot;custom_attributes&quot;:&quot;&quot;},&quot;item_dropdown_content&quot;:&quot;no&quot;,&quot;item_icon&quot;:{&quot;value&quot;:&quot;&quot;,&quot;library&quot;:&quot;&quot;},&quot;item_icon_active&quot;:null,&quot;element_id&quot;:&quot;&quot;}],&quot;_animation&quot;:&quot;none&quot;,&quot;content_width&quot;:&quot;full_width&quot;,&quot;item_layout&quot;:&quot;horizontal&quot;,&quot;open_on&quot;:&quot;hover&quot;,&quot;open_animation&quot;:&quot;none&quot;,&quot;horizontal_scroll&quot;:&quot;disable&quot;,&quot;breakpoint_selector&quot;:&quot;tablet&quot;,&quot;menu_item_title_distance_from_content&quot;:{&quot;unit&quot;:&quot;px&quot;,&quot;size&quot;:0,&quot;sizes&quot;:[]},&quot;menu_item_title_distance_from_content_tablet&quot;:{&quot;unit&quot;:&quot;px&quot;,&quot;size&quot;:&quot;&quot;,&quot;sizes&quot;:[]},&quot;menu_item_title_distance_from_content_mobile&quot;:{&quot;unit&quot;:&quot;px&quot;,&quot;size&quot;:&quot;&quot;,&quot;sizes&quot;:[]}}\" data-widget_type=\"mega-menu.default\">\n\t\t\t\t<div class=\"elementor-widget-container\">\n\t\t\t<link rel=\"stylesheet\" href=\"https:\/\/kuasarnex.com\/wp-content\/plugins\/elementor-pro\/assets\/css\/widget-mega-menu.min.css\">\t\t<nav class=\"e-n-menu\" data-widget-number=\"148\" aria-label=\"Menu\">\n\t\t\t\t\t<button class=\"e-n-menu-toggle\" id=\"menu-toggle-148\" aria-haspopup=\"true\" aria-expanded=\"false\" aria-controls=\"menubar-148\" aria-label=\"Menu Toggle\">\n\t\t\t<span class=\"e-n-menu-toggle-icon e-open\">\n\t\t\t\t<svg class=\"e-font-icon-svg e-eicon-menu-bar\" viewBox=\"0 0 1000 1000\" xmlns=\"http:\/\/www.w3.org\/2000\/svg\"><path d=\"M104 333H896C929 333 958 304 958 271S929 208 896 208H104C71 208 42 237 42 271S71 333 104 333ZM104 583H896C929 583 958 554 958 521S929 458 896 458H104C71 458 42 487 42 521S71 583 104 583ZM104 833H896C929 833 958 804 958 771S929 708 896 708H104C71 708 42 737 42 771S71 833 104 833Z\"><\/path><\/svg>\t\t\t<\/span>\n\t\t\t<span class=\"e-n-menu-toggle-icon e-close\">\n\t\t\t\t<svg class=\"e-font-icon-svg e-eicon-close\" viewBox=\"0 0 1000 1000\" xmlns=\"http:\/\/www.w3.org\/2000\/svg\"><path d=\"M742 167L500 408 258 167C246 154 233 150 217 150 196 150 179 158 167 167 154 179 150 196 150 212 150 229 154 242 171 254L408 500 167 742C138 771 138 800 167 829 196 858 225 858 254 829L496 587 738 829C750 842 767 846 783 846 800 846 817 842 829 829 842 817 846 804 846 783 846 767 842 750 829 737L588 500 833 258C863 229 863 200 833 171 804 137 775 137 742 167Z\"><\/path><\/svg>\t\t\t<\/span>\n\t\t<\/button>\n\t\t\t\t\t<div class=\"e-n-menu-wrapper\" id=\"menubar-148\" aria-labelledby=\"menu-toggle-148\">\n\t\t\t\t<ul class=\"e-n-menu-heading\">\n\t\t\t\t\t\t\t\t<li id=\"e-n-menu-title-1481\" class=\"e-n-menu-title\" style=\"--n-menu-title-order: 1;\" >\n\t\t\t\t<div class=\"e-n-menu-title-container\">\n\t\t\t\t\t\t\t\t\t\t<a class=\"e-n-menu-title-text e-link e-focus\" href=\"https:\/\/kuasarnex.com\/\">\t\t\t\t\t\tHome\t\t\t\t\t<\/a>\t\t\t\t<\/div>\n\t\t\t\t\t\t\t<\/li>\n\t\t\t\t\t<li id=\"e-n-menu-title-1482\" class=\"e-n-menu-title e-current\" style=\"--n-menu-title-order: 2;\" >\n\t\t\t\t<div class=\"e-n-menu-title-container\" aria-current=\"page\">\n\t\t\t\t\t\t\t\t\t\t<a class=\"e-n-menu-title-text e-link e-focus\" href=\"https:\/\/kuasarnex.com\/index.php\/sobre-nos\/\">\t\t\t\t\t\tSobre N\u00f3s\t\t\t\t\t<\/a>\t\t\t\t<\/div>\n\t\t\t\t\t\t\t<\/li>\n\t\t\t\t\t<li id=\"e-n-menu-title-1483\" class=\"e-n-menu-title\" style=\"--n-menu-title-order: 3;\" >\n\t\t\t\t<div class=\"e-n-menu-title-container\">\n\t\t\t\t\t\t\t\t\t\t<a class=\"e-n-menu-title-text e-link e-focus\" href=\"https:\/\/kuasarnex.com\/index.php\/1414-2\/\">\t\t\t\t\t\tCursos e Ebooks\t\t\t\t\t<\/a>\t\t\t\t<\/div>\n\t\t\t\t\t\t\t<\/li>\n\t\t\t\t\t<li id=\"e-n-menu-title-1484\" class=\"e-n-menu-title\" style=\"--n-menu-title-order: 4;\" >\n\t\t\t\t<div class=\"e-n-menu-title-container\">\n\t\t\t\t\t\t\t\t\t\t<a class=\"e-n-menu-title-text e-link e-focus\" href=\"https:\/\/kuasarnex.com\/index.php\/ia-generativa\/\">\t\t\t\t\t\tIntelig\u00eancia Artificial\t\t\t\t\t<\/a>\t\t\t\t<\/div>\n\t\t\t\t\t\t\t<\/li>\n\t\t\t\t\t<li id=\"e-n-menu-title-1485\" class=\"e-n-menu-title\" style=\"--n-menu-title-order: 5;\" >\n\t\t\t\t<div class=\"e-n-menu-title-container\">\n\t\t\t\t\t\t\t\t\t\t<a class=\"e-n-menu-title-text e-link e-focus\" href=\"https:\/\/kuasarnex.com\/index.php\/ebooks-para-concursos\/\">\t\t\t\t\t\tConcursos\t\t\t\t\t<\/a>\t\t\t\t<\/div>\n\t\t\t\t\t\t\t<\/li>\n\t\t\t\t\t<li id=\"e-n-menu-title-1486\" class=\"e-n-menu-title\" style=\"--n-menu-title-order: 6;\" >\n\t\t\t\t<div class=\"e-n-menu-title-container\">\n\t\t\t\t\t\t\t\t\t\t<a class=\"e-n-menu-title-text e-link e-focus\" href=\"https:\/\/kuasarnex.com\/index.php\/material-gratuito-concursos\/\">\t\t\t\t\t\tConte\u00fado Gratuito\t\t\t\t\t<\/a>\t\t\t\t<\/div>\n\t\t\t\t\t\t\t<\/li>\n\t\t\t\t\t<li id=\"e-n-menu-title-1487\" class=\"e-n-menu-title\" style=\"--n-menu-title-order: 7;\" >\n\t\t\t\t<div class=\"e-n-menu-title-container\">\n\t\t\t\t\t\t\t\t\t\t<a class=\"e-n-menu-title-text e-link e-focus\" href=\"https:\/\/kuasarnex.com\/index.php\/2100-2\/\">\t\t\t\t\t\tMarketing Digital\t\t\t\t\t<\/a>\t\t\t\t<\/div>\n\t\t\t\t\t\t\t<\/li>\n\t\t\t\t\t<li id=\"e-n-menu-title-1488\" class=\"e-n-menu-title\" style=\"--n-menu-title-order: 8;\" >\n\t\t\t\t<div class=\"e-n-menu-title-container\">\n\t\t\t\t\t\t\t\t\t\t<a class=\"e-n-menu-title-text e-link e-focus\" href=\"https:\/\/kuasarnex.com\/index.php\/2102-2\/\">\t\t\t\t\t\tAgroneg\u00f3cio\t\t\t\t\t<\/a>\t\t\t\t<\/div>\n\t\t\t\t\t\t\t<\/li>\n\t\t\t\t\t<li id=\"e-n-menu-title-1489\" class=\"e-n-menu-title\" style=\"--n-menu-title-order: 9;\" >\n\t\t\t\t<div class=\"e-n-menu-title-container\">\n\t\t\t\t\t\t\t\t\t\t<a class=\"e-n-menu-title-text e-link e-focus\" href=\"https:\/\/www.instagram.com\/kuasarnex\/\" target=\"_blank\">\t\t\t\t\t\tNot\u00edcias\t\t\t\t\t<\/a>\t\t\t\t<\/div>\n\t\t\t\t\t\t\t<\/li>\n\t\t\t\t\t<li id=\"e-n-menu-title-14810\" class=\"e-n-menu-title\" style=\"--n-menu-title-order: 10;\" >\n\t\t\t\t<div class=\"e-n-menu-title-container\">\n\t\t\t\t\t\t\t\t\t\t<a class=\"e-n-menu-title-text e-link e-focus\" href=\"https:\/\/www.youtube.com\/@kuasarnex\" target=\"_blank\">\t\t\t\t\t\tCanal\t\t\t\t\t<\/a>\t\t\t\t<\/div>\n\t\t\t\t\t\t\t<\/li>\n\t\t\t\t\t\t<\/ul>\n\t\t\t\t<div class=\"e-n-menu-content\">\n\t\t\t\t\t\t\t\t\t<\/div>\n\t\t\t<\/div>\n\t\t<\/nav>\n\t\t\t\t<\/div>\n\t\t\t\t<\/div>\n\t\t\t\t<\/div>\n\t\t<div class=\"elementor-element elementor-element-c6fbe88 e-flex e-con-boxed e-con e-parent\" data-id=\"c6fbe88\" data-element_type=\"container\">\n\t\t\t\t\t<div class=\"e-con-inner\">\n\t\t\t\t<div class=\"elementor-element elementor-element-26068c9 elementor-widget elementor-widget-text-editor\" data-id=\"26068c9\" data-element_type=\"widget\" data-widget_type=\"text-editor.default\">\n\t\t\t\t<div class=\"elementor-widget-container\">\n\t\t\t<style>\/*! elementor - v3.21.0 - 26-05-2024 *\/\n.elementor-widget-text-editor.elementor-drop-cap-view-stacked .elementor-drop-cap{background-color:#69727d;color:#fff}.elementor-widget-text-editor.elementor-drop-cap-view-framed .elementor-drop-cap{color:#69727d;border:3px solid;background-color:transparent}.elementor-widget-text-editor:not(.elementor-drop-cap-view-default) .elementor-drop-cap{margin-top:8px}.elementor-widget-text-editor:not(.elementor-drop-cap-view-default) .elementor-drop-cap-letter{width:1em;height:1em}.elementor-widget-text-editor .elementor-drop-cap{float:left;text-align:center;line-height:1;font-size:50px}.elementor-widget-text-editor .elementor-drop-cap-letter{display:inline-block}<\/style>\t\t\t\t<h1 style=\"color: yellow; font-size: 130%; margin: 0; font-weight: bold;\"><br \/><span role=\"img\" aria-label=\"Kosmos\">\ud83c\udf0c<\/span> Kuasarnex \u2013 Plataforma Educacional<\/h1><p data-start=\"202\" data-end=\"317\">A marca <strong data-start=\"210\" data-end=\"223\">Kuasarnex<\/strong> nasce da fus\u00e3o de tr\u00eas conceitos poderosos que representam conhecimento, energia e conex\u00e3o:<\/p><ul data-start=\"319\" data-end=\"1042\"><li data-start=\"319\" data-end=\"530\"><p data-start=\"321\" data-end=\"530\"><strong data-start=\"321\" data-end=\"331\">Cosmos<\/strong> \ud83c\udf20<br data-start=\"334\" data-end=\"337\" \/>Derivado do grego (<strong>K<\/strong>\u00f3smos), significa o <strong data-start=\"370\" data-end=\"400\">universo em sua totalidade<\/strong> \u2014 ordem, harmonia e infinitas possibilidades. Representa a vastid\u00e3o do saber e a jornada cont\u00ednua em busca de novos horizontes.<\/p><\/li><li data-start=\"532\" data-end=\"805\"><p data-start=\"534\" data-end=\"805\"><strong data-start=\"534\" data-end=\"544\">Quasar<\/strong> \ud83d\udcab<br data-start=\"547\" data-end=\"550\" \/>A palavra q<strong>uasar<\/strong> \u00e9 a forma abreviada da express\u00e3o inglesa <strong data-start=\"310\" data-end=\"342\">\u201cquasi-stellar radio source\u201d<\/strong>, que significa <strong data-start=\"358\" data-end=\"392\">\u201cfonte de r\u00e1dio quase estelar\u201d<\/strong>. \u00c9 um fen\u00f4meno astron\u00f4mico extremamente energ\u00e9tico, alimentado por buracos negros supermassivos, que emitem luz e energia intensas. Simboliza a <strong data-start=\"690\" data-end=\"730\">for\u00e7a transformadora do conhecimento<\/strong>, capaz de iluminar mentes e abrir caminhos mesmo nas maiores dist\u00e2ncias.<\/p><\/li><li data-start=\"807\" data-end=\"1042\"><p data-start=\"809\" data-end=\"1042\"><strong data-start=\"809\" data-end=\"818\">Nexus<\/strong> \ud83d\udd17<br data-start=\"821\" data-end=\"824\" \/>Palavra <strong>nex<\/strong>us de origem latina que significa <strong data-start=\"865\" data-end=\"876\">conex\u00e3o<\/strong> ou <strong data-start=\"880\" data-end=\"895\">elo central<\/strong>. Representa a miss\u00e3o da Kuasarnex de ser um ponto de converg\u00eancia entre pessoas, ideias e oportunidades, conectando saberes de diferentes \u00e1reas.<\/p><\/li><\/ul><hr data-start=\"1044\" data-end=\"1047\" \/><h1 style=\"color: yellow; font-size: 130%; margin: 0; font-weight: bold;\"><span role=\"img\" aria-label=\"Kosmos\">\ud83d\ude80<\/span> Quem somos<\/h1><p data-start=\"1069\" data-end=\"1325\">A <strong data-start=\"1071\" data-end=\"1084\">Kuasarnex<\/strong> \u00e9 sua parceira de confian\u00e7a na jornada do conhecimento. Nossa plataforma educacional foi criada para unir <strong data-start=\"1191\" data-end=\"1225\">ci\u00eancia, tecnologia e educa\u00e7\u00e3o<\/strong>, fornecendo conte\u00fados de alta qualidade que impulsionam o desenvolvimento pessoal e profissional.<\/p><p data-start=\"1327\" data-end=\"1362\">Atuamos em diversos eixos essenciais, alguns s\u00e3o:<\/p><ul data-start=\"1363\" data-end=\"1617\"><li data-start=\"1363\" data-end=\"1434\"><p data-start=\"1365\" data-end=\"1434\"><strong data-start=\"1365\" data-end=\"1387\">Concursos p\u00fablicos<\/strong>, preparando voc\u00ea para conquistar aprova\u00e7\u00f5es;<\/p><\/li><li data-start=\"1435\" data-end=\"1519\"><p data-start=\"1437\" data-end=\"1519\"><strong data-start=\"1437\" data-end=\"1459\">Finan\u00e7as e idiomas<\/strong>, fortalecendo compet\u00eancias pr\u00e1ticas para o mundo moderno;<\/p><\/li><li data-start=\"1520\" data-end=\"1617\"><p data-start=\"1522\" data-end=\"1617\"><strong data-start=\"1522\" data-end=\"1560\">Intelig\u00eancia Artificial e inova\u00e7\u00e3o<\/strong>, trazendo conte\u00fados que conectam o presente ao futuro.<\/p><\/li><\/ul><hr data-start=\"1619\" data-end=\"1622\" \/><h1 style=\"color: yellow; font-size: 130%; margin: 0; font-weight: bold;\"><span role=\"img\" aria-label=\"Kosmos\">\ud83d\udca1<\/span> Nossa miss\u00e3o<\/h1><p data-start=\"1646\" data-end=\"1821\">Mais do que ensinar, queremos <strong data-start=\"1676\" data-end=\"1697\">transformar vidas<\/strong> por meio de estrat\u00e9gias eficazes, materiais did\u00e1ticos atualizados e uma abordagem inovadora que conecta teoria e pr\u00e1tica.<\/p><p data-start=\"1823\" data-end=\"1963\">Na <strong data-start=\"1826\" data-end=\"1839\">Kuasarnex<\/strong>, acreditamos que o conhecimento \u00e9 a energia que move o universo \u2014 e estamos aqui para ajud\u00e1-lo a alcan\u00e7ar seus objetivos.<\/p>\t\t\t\t\t\t<\/div>\n\t\t\t\t<\/div>\n\t\t\t\t\t<\/div>\n\t\t\t\t<\/div>\n\t\t<div class=\"elementor-element elementor-element-57021f0 e-con-full e-flex e-con e-parent\" data-id=\"57021f0\" data-element_type=\"container\">\n\t\t\t\t<div class=\"elementor-element elementor-element-6149958 elementor-widget__width-inherit elementor--h-position-center elementor--v-position-middle elementor-arrows-position-inside elementor-pagination-position-inside elementor-widget elementor-widget-slides\" data-id=\"6149958\" data-element_type=\"widget\" data-settings=\"{&quot;navigation&quot;:&quot;both&quot;,&quot;autoplay&quot;:&quot;yes&quot;,&quot;pause_on_hover&quot;:&quot;yes&quot;,&quot;pause_on_interaction&quot;:&quot;yes&quot;,&quot;autoplay_speed&quot;:5000,&quot;infinite&quot;:&quot;yes&quot;,&quot;transition&quot;:&quot;slide&quot;,&quot;transition_speed&quot;:500}\" data-widget_type=\"slides.default\">\n\t\t\t\t<div class=\"elementor-widget-container\">\n\t\t\t<style>\/*! elementor-pro - v3.21.0 - 20-05-2024 *\/\n.elementor-slides .swiper-slide-bg{background-size:cover;background-position:50%;background-repeat:no-repeat;min-width:100%;min-height:100%}.elementor-slides .swiper-slide-inner{background-repeat:no-repeat;background-position:50%;position:absolute;top:0;left:0;bottom:0;right:0;padding:50px;margin:auto}.elementor-slides .swiper-slide-inner,.elementor-slides .swiper-slide-inner:hover{color:#fff;display:flex}.elementor-slides .swiper-slide-inner .elementor-background-overlay{position:absolute;z-index:0;top:0;bottom:0;left:0;right:0}.elementor-slides .swiper-slide-inner .elementor-slide-content{position:relative;z-index:1;width:100%}.elementor-slides .swiper-slide-inner .elementor-slide-heading{font-size:35px;font-weight:700;line-height:1}.elementor-slides .swiper-slide-inner .elementor-slide-description{font-size:17px;line-height:1.4}.elementor-slides .swiper-slide-inner .elementor-slide-description:not(:last-child),.elementor-slides .swiper-slide-inner .elementor-slide-heading:not(:last-child){margin-bottom:30px}.elementor-slides .swiper-slide-inner .elementor-slide-button{border:2px solid #fff;color:#fff;background:transparent;display:inline-block}.elementor-slides .swiper-slide-inner .elementor-slide-button,.elementor-slides .swiper-slide-inner .elementor-slide-button:hover{background:transparent;color:inherit;text-decoration:none}.elementor--v-position-top .swiper-slide-inner{align-items:flex-start}.elementor--v-position-bottom .swiper-slide-inner{align-items:flex-end}.elementor--v-position-middle .swiper-slide-inner{align-items:center}.elementor--h-position-left .swiper-slide-inner{justify-content:flex-start}.elementor--h-position-right .swiper-slide-inner{justify-content:flex-end}.elementor--h-position-center .swiper-slide-inner{justify-content:center}body.rtl .elementor-widget-slides .elementor-swiper-button-next{left:10px;right:auto}body.rtl .elementor-widget-slides .elementor-swiper-button-prev{right:10px;left:auto}.elementor-slides-wrapper div:not(.swiper-slide)>.swiper-slide-inner{display:none}@media (max-width:767px){.elementor-slides .swiper-slide-inner{padding:30px}.elementor-slides .swiper-slide-inner .elementor-slide-heading{font-size:23px;line-height:1;margin-bottom:15px}.elementor-slides .swiper-slide-inner .elementor-slide-description{font-size:13px;line-height:1.4;margin-bottom:15px}}<\/style>\t\t<div class=\"elementor-swiper\">\n\t\t\t<div class=\"elementor-slides-wrapper elementor-main-swiper swiper\" dir=\"ltr\" data-animation=\"fadeInUp\">\n\t\t\t\t<div class=\"swiper-wrapper elementor-slides\">\n\t\t\t\t\t\t\t\t\t\t<div class=\"elementor-repeater-item-b2ad836 swiper-slide\"><div class=\"swiper-slide-bg\" role=\"img\"><\/div><a class=\"swiper-slide-inner\" href=\"https:\/\/kuasarnex.com\/index.php\/sobre-nos\/\"><div class=\"swiper-slide-contents\"><div class=\"elementor-slide-heading\">Sobre a Kuasarnex<\/div><div class=\"elementor-slide-description\">\u201cEm um mundo cheio de possibilidades, a chave est\u00e1 em descobrir qual delas voc\u00ea deseja transformar em realidade.\u201d<\/div><div  class=\"elementor-button elementor-slide-button elementor-size-sm\">Saiba mais<\/div><\/div><\/a><\/div><div class=\"elementor-repeater-item-2e67101 swiper-slide\"><div class=\"swiper-slide-bg\" role=\"img\"><\/div><a class=\"swiper-slide-inner\" href=\"https:\/\/kuasarnex.com\/index.php\/ia-generativa\/\"><div class=\"swiper-slide-contents\"><div class=\"elementor-slide-heading\">IA Generativa<\/div><div class=\"elementor-slide-description\">Disponibilizamos GPTs gratuitos para acelerar seus estudos com treinamentos e pesquisas.<\/div><div  class=\"elementor-button elementor-slide-button elementor-size-sm\">Acesse agora<\/div><\/div><\/a><\/div><div class=\"elementor-repeater-item-6766d7a swiper-slide\"><div class=\"swiper-slide-bg\" role=\"img\"><\/div><a class=\"swiper-slide-inner\" href=\"https:\/\/kuasarnex.com\/index.php\/ebooks-para-concursos\/\"><div class=\"swiper-slide-contents\"><div class=\"elementor-slide-heading\">Conhe\u00e7a nossos ebooks<\/div><div class=\"elementor-slide-description\">Ebooks s\u00e3o altamente port\u00e1teis, acess\u00edveis e econ\u00f4micos, permitindo acesso instant\u00e2neo a milhares de t\u00edtulos em qualquer lugar.<\/div><div  class=\"elementor-button elementor-slide-button elementor-size-sm\">Conhe\u00e7a as obras<\/div><\/div><\/a><\/div><div class=\"elementor-repeater-item-a806c4a swiper-slide\"><div class=\"swiper-slide-bg\" role=\"img\"><\/div><a class=\"swiper-slide-inner\" href=\"https:\/\/kuasarnex.com\/index.php\/material-gratuito-concursos\/\"><div class=\"swiper-slide-contents\"><div class=\"elementor-slide-heading\">Conte\u00fado Gratuito<\/div><div class=\"elementor-slide-description\">Aproveite o conte\u00fado gratuito da Kuasarnex: tutoriais, guias e insights exclusivos para impulsionar seu conhecimento e alcan\u00e7ar novos patamares em seus estudos!<\/div><div  class=\"elementor-button elementor-slide-button elementor-size-sm\">J\u00e1 Quero<\/div><\/div><\/a><\/div>\t\t\t\t<\/div>\n\t\t\t\t\t\t\t\t\t\t\t\t\t\t\t<div class=\"swiper-pagination\"><\/div>\n\t\t\t\t\t\t\t\t\t\t\t\t\t\t\t\t<div class=\"elementor-swiper-button elementor-swiper-button-prev\" role=\"button\" tabindex=\"0\">\n\t\t\t\t\t\t\t<svg aria-hidden=\"true\" class=\"e-font-icon-svg e-eicon-chevron-left\" viewBox=\"0 0 1000 1000\" xmlns=\"http:\/\/www.w3.org\/2000\/svg\"><path d=\"M646 125C629 125 613 133 604 142L308 442C296 454 292 471 292 487 292 504 296 521 308 533L604 854C617 867 629 875 646 875 663 875 679 871 692 858 704 846 713 829 713 812 713 796 708 779 692 767L438 487 692 225C700 217 708 204 708 187 708 171 704 154 692 142 675 129 663 125 646 125Z\"><\/path><\/svg>\t\t\t\t\t\t\t<span class=\"elementor-screen-only\">Previous slide<\/span>\n\t\t\t\t\t\t<\/div>\n\t\t\t\t\t\t<div class=\"elementor-swiper-button elementor-swiper-button-next\" role=\"button\" tabindex=\"0\">\n\t\t\t\t\t\t\t<svg aria-hidden=\"true\" class=\"e-font-icon-svg e-eicon-chevron-right\" viewBox=\"0 0 1000 1000\" xmlns=\"http:\/\/www.w3.org\/2000\/svg\"><path d=\"M696 533C708 521 713 504 713 487 713 471 708 454 696 446L400 146C388 133 375 125 354 125 338 125 325 129 313 142 300 154 292 171 292 187 292 204 296 221 308 233L563 492 304 771C292 783 288 800 288 817 288 833 296 850 308 863 321 871 338 875 354 875 371 875 388 867 400 854L696 533Z\"><\/path><\/svg>\t\t\t\t\t\t\t<span class=\"elementor-screen-only\">Next slide<\/span>\n\t\t\t\t\t\t<\/div>\n\t\t\t\t\t\t\t\t\t\t\t\t<\/div>\n\t\t<\/div>\n\t\t\t\t<\/div>\n\t\t\t\t<\/div>\n\t\t<div class=\"elementor-element elementor-element-ba4d460 e-con-full e-flex e-con e-child\" data-id=\"ba4d460\" data-element_type=\"container\">\n\t\t\t\t<\/div>\n\t\t\t\t<\/div>\n\t\t\t\t<\/div>\n\t\t","protected":false},"excerpt":{"rendered":"<p>Home Sobre N\u00f3s Cursos e Ebooks Intelig\u00eancia Artificial Concursos Conte\u00fado Gratuito Marketing Digital Agroneg\u00f3cio Not\u00edcias Canal \ud83c\udf0c Kuasarnex \u2013 Plataforma Educacional A marca Kuasarnex nasce da fus\u00e3o de tr\u00eas conceitos poderosos que representam conhecimento, energia e conex\u00e3o: Cosmos \ud83c\udf20Derivado do grego (K\u00f3smos), significa o universo em sua totalidade \u2014 ordem, [&hellip;]<\/p>\n","protected":false},"author":1,"featured_media":0,"parent":0,"menu_order":0,"comment_status":"closed","ping_status":"closed","template":"","meta":{"om_disable_all_campaigns":false,"_monsterinsights_skip_tracking":false,"_monsterinsights_sitenote_active":false,"_monsterinsights_sitenote_note":"","_monsterinsights_sitenote_category":0,"footnotes":""},"class_list":["post-45","page","type-page","status-publish","hentry"],"aioseo_notices":[],"_links":{"self":[{"href":"https:\/\/kuasarnex.com\/index.php\/wp-json\/wp\/v2\/pages\/45","targetHints":{"allow":["GET"]}}],"collection":[{"href":"https:\/\/kuasarnex.com\/index.php\/wp-json\/wp\/v2\/pages"}],"about":[{"href":"https:\/\/kuasarnex.com\/index.php\/wp-json\/wp\/v2\/types\/page"}],"author":[{"embeddable":true,"href":"https:\/\/kuasarnex.com\/index.php\/wp-json\/wp\/v2\/users\/1"}],"replies":[{"embeddable":true,"href":"https:\/\/kuasarnex.com\/index.php\/wp-json\/wp\/v2\/comments?post=45"}],"version-history":[{"count":63,"href":"https:\/\/kuasarnex.com\/index.php\/wp-json\/wp\/v2\/pages\/45\/revisions"}],"predecessor-version":[{"id":2502,"href":"https:\/\/kuasarnex.com\/index.php\/wp-json\/wp\/v2\/pages\/45\/revisions\/2502"}],"wp:attachment":[{"href":"https:\/\/kuasarnex.com\/index.php\/wp-json\/wp\/v2\/media?parent=45"}],"curies":[{"name":"wp","href":"https:\/\/api.w.org\/{rel}","templated":true}]}}